{"id":1650,"date":"2022-04-08T15:36:04","date_gmt":"2022-04-08T15:36:04","guid":{"rendered":"https:\/\/sounchpy.com\/?page_id=1650"},"modified":"2023-12-28T14:23:22","modified_gmt":"2023-12-28T14:23:22","slug":"asesoramiento-en-seguridad","status":"publish","type":"page","link":"https:\/\/sounchpy.com\/index.php\/asesoramiento-en-seguridad\/","title":{"rendered":"Asesoramiento en seguridad"},"content":{"rendered":"\t\t<div data-elementor-type=\"wp-page\" data-elementor-id=\"1650\" class=\"elementor elementor-1650\" data-elementor-post-type=\"page\">\n\t\t\t\t\t\t<section class=\"elementor-section elementor-top-section elementor-element elementor-element-19358cb elementor-section-boxed elementor-section-height-default elementor-section-height-default\" data-id=\"19358cb\" data-element_type=\"section\" data-e-type=\"section\" data-settings=\"{&quot;background_background&quot;:&quot;classic&quot;,&quot;background_motion_fx_motion_fx_mouse&quot;:&quot;yes&quot;}\">\n\t\t\t\t\t\t\t<div class=\"elementor-background-overlay\"><\/div>\n\t\t\t\t\t\t\t<div class=\"elementor-container elementor-column-gap-default\">\n\t\t\t\t\t<div class=\"elementor-column elementor-col-50 elementor-top-column elementor-element elementor-element-55c5f41\" data-id=\"55c5f41\" data-element_type=\"column\" data-e-type=\"column\">\n\t\t\t<div class=\"elementor-widget-wrap elementor-element-populated\">\n\t\t\t\t\t\t<div class=\"elementor-element elementor-element-374928f elementor-hidden-tablet elementor-hidden-mobile elementor-widget elementor-widget-heading\" data-id=\"374928f\" data-element_type=\"widget\" data-e-type=\"widget\" data-widget_type=\"heading.default\">\n\t\t\t\t<div class=\"elementor-widget-container\">\n\t\t\t\t\t<h1 class=\"elementor-heading-title elementor-size-xxl\">Asesoramiento en seguridad<\/h1>\t\t\t\t<\/div>\n\t\t\t\t<\/div>\n\t\t\t\t<div class=\"elementor-element elementor-element-6160ec0 elementor-hidden-desktop elementor-widget elementor-widget-heading\" data-id=\"6160ec0\" data-element_type=\"widget\" data-e-type=\"widget\" data-widget_type=\"heading.default\">\n\t\t\t\t<div class=\"elementor-widget-container\">\n\t\t\t\t\t<h1 class=\"elementor-heading-title elementor-size-xl\">Asesoramiento en seguridad<\/h1>\t\t\t\t<\/div>\n\t\t\t\t<\/div>\n\t\t\t\t<div class=\"elementor-element elementor-element-8e48d3d elementor-hidden-tablet elementor-hidden-mobile elementor-widget-divider--view-line elementor-widget elementor-widget-divider\" data-id=\"8e48d3d\" data-element_type=\"widget\" data-e-type=\"widget\" data-widget_type=\"divider.default\">\n\t\t\t\t<div class=\"elementor-widget-container\">\n\t\t\t\t\t\t\t<div class=\"elementor-divider\">\n\t\t\t<span class=\"elementor-divider-separator\">\n\t\t\t\t\t\t<\/span>\n\t\t<\/div>\n\t\t\t\t\t\t<\/div>\n\t\t\t\t<\/div>\n\t\t\t\t<div class=\"elementor-element elementor-element-b1eb011 elementor-hidden-desktop elementor-widget-divider--view-line elementor-widget elementor-widget-divider\" data-id=\"b1eb011\" data-element_type=\"widget\" data-e-type=\"widget\" data-widget_type=\"divider.default\">\n\t\t\t\t<div class=\"elementor-widget-container\">\n\t\t\t\t\t\t\t<div class=\"elementor-divider\">\n\t\t\t<span class=\"elementor-divider-separator\">\n\t\t\t\t\t\t<\/span>\n\t\t<\/div>\n\t\t\t\t\t\t<\/div>\n\t\t\t\t<\/div>\n\t\t\t\t<div class=\"elementor-element elementor-element-d69e16d elementor-hidden-tablet elementor-hidden-mobile elementor-widget elementor-widget-text-editor\" data-id=\"d69e16d\" data-element_type=\"widget\" data-e-type=\"widget\" data-widget_type=\"text-editor.default\">\n\t\t\t\t<div class=\"elementor-widget-container\">\n\t\t\t\t\t\t\t\t\t<h4><span style=\"color: #ffffff;\">Consultor\u00eda y gerenciamiento del riesgo sobre los servicios prestados por nuestra u otras empresas.<\/span><\/h4>\t\t\t\t\t\t\t\t<\/div>\n\t\t\t\t<\/div>\n\t\t\t\t<div class=\"elementor-element elementor-element-e688da9 elementor-hidden-desktop elementor-widget elementor-widget-text-editor\" data-id=\"e688da9\" data-element_type=\"widget\" data-e-type=\"widget\" data-widget_type=\"text-editor.default\">\n\t\t\t\t<div class=\"elementor-widget-container\">\n\t\t\t\t\t\t\t\t\t<h5 style=\"text-align: center;\"><span style=\"color: #ffffff;\">Consultor\u00eda y gerenciamiento del riesgo sobre los servicios prestados por nuestra u otras empresas.<\/span><\/h5>\t\t\t\t\t\t\t\t<\/div>\n\t\t\t\t<\/div>\n\t\t\t\t<div class=\"elementor-element elementor-element-ad3ece6 elementor-widget elementor-widget-spacer\" data-id=\"ad3ece6\" data-element_type=\"widget\" data-e-type=\"widget\" data-widget_type=\"spacer.default\">\n\t\t\t\t<div class=\"elementor-widget-container\">\n\t\t\t\t\t\t\t<div class=\"elementor-spacer\">\n\t\t\t<div class=\"elementor-spacer-inner\"><\/div>\n\t\t<\/div>\n\t\t\t\t\t\t<\/div>\n\t\t\t\t<\/div>\n\t\t\t\t\t<\/div>\n\t\t<\/div>\n\t\t\t\t<div class=\"elementor-column elementor-col-50 elementor-top-column elementor-element elementor-element-024c32b\" data-id=\"024c32b\" data-element_type=\"column\" data-e-type=\"column\" data-settings=\"{&quot;background_background&quot;:&quot;classic&quot;}\">\n\t\t\t<div class=\"elementor-widget-wrap elementor-element-populated\">\n\t\t\t\t\t\t<div class=\"elementor-element elementor-element-d66fa20 elementor-widget elementor-widget-heading\" data-id=\"d66fa20\" data-element_type=\"widget\" data-e-type=\"widget\" data-widget_type=\"heading.default\">\n\t\t\t\t<div class=\"elementor-widget-container\">\n\t\t\t\t\t<h4 class=\"elementor-heading-title elementor-size-default\">Solicit\u00e1 cotizaci\u00f3n HOY<\/h4>\t\t\t\t<\/div>\n\t\t\t\t<\/div>\n\t\t\t\t<div class=\"elementor-element elementor-element-ceb3dc3 elementor-widget elementor-widget-wpforms\" data-id=\"ceb3dc3\" data-element_type=\"widget\" data-e-type=\"widget\" data-widget_type=\"wpforms.default\">\n\t\t\t\t<div class=\"elementor-widget-container\">\n\t\t\t\t\t<div class=\"wpforms-container \" id=\"wpforms-1540\"><form id=\"wpforms-form-1540\" class=\"wpforms-validate wpforms-form wpforms-ajax-form\" data-formid=\"1540\" method=\"post\" enctype=\"multipart\/form-data\" action=\"\/index.php\/wp-json\/wp\/v2\/pages\/1650\" data-token=\"ed0280db0bb6cb951801d4e67a8faafd\" data-token-time=\"1776381248\"><noscript class=\"wpforms-error-noscript\">Please enable JavaScript in your browser to complete this form.<\/noscript><div class=\"wpforms-field-container\"><div id=\"wpforms-1540-field_4-container\" class=\"wpforms-field wpforms-field-text\" data-field-id=\"4\"><input type=\"text\" id=\"wpforms-1540-field_4\" class=\"wpforms-field-large wpforms-field-required\" name=\"wpforms[fields][4]\" placeholder=\"Nombre*\" required><\/div><div id=\"wpforms-1540-field_5-container\" class=\"wpforms-field wpforms-field-number\" data-field-id=\"5\"><input type=\"number\" id=\"wpforms-1540-field_5\" class=\"wpforms-field-large wpforms-field-required\" name=\"wpforms[fields][5]\" placeholder=\"N\u00famero telef\u00f3nico\" step=\"any\" required><\/div><div id=\"wpforms-1540-field_6-container\" class=\"wpforms-field wpforms-field-email\" data-field-id=\"6\"><input type=\"email\" id=\"wpforms-1540-field_6\" class=\"wpforms-field-large wpforms-field-required\" name=\"wpforms[fields][6]\" placeholder=\"Email*\" spellcheck=\"false\" required><\/div><div id=\"wpforms-1540-field_7-container\" class=\"wpforms-field wpforms-field-textarea\" data-field-id=\"7\"><textarea id=\"wpforms-1540-field_7\" class=\"wpforms-field-small\" name=\"wpforms[fields][7]\" placeholder=\"Buenos d\u00edas, quer\u00eda solicitarles..\" ><\/textarea><\/div><\/div><!-- .wpforms-field-container --><div class=\"wpforms-recaptcha-container wpforms-is-recaptcha wpforms-is-recaptcha-type-v2\" ><div class=\"g-recaptcha\" data-sitekey=\"6Lcz74kpAAAAAKHXkRYmQ-qsOUJFAoergXgplCOz\"><\/div><input type=\"text\" name=\"g-recaptcha-hidden\" class=\"wpforms-recaptcha-hidden\" style=\"position:absolute!important;clip:rect(0,0,0,0)!important;height:1px!important;width:1px!important;border:0!important;overflow:hidden!important;padding:0!important;margin:0!important;\" data-rule-recaptcha=\"1\"><\/div><div class=\"wpforms-submit-container\" ><input type=\"hidden\" name=\"wpforms[id]\" value=\"1540\"><input type=\"hidden\" name=\"page_title\" value=\"\"><input type=\"hidden\" name=\"page_url\" value=\"https:\/\/sounchpy.com\/index.php\/wp-json\/wp\/v2\/pages\/1650\"><input type=\"hidden\" name=\"url_referer\" value=\"\"><button type=\"submit\" name=\"wpforms[submit]\" id=\"wpforms-submit-1540\" class=\"wpforms-submit\" data-alt-text=\"Enviando...\" data-submit-text=\"Enviar\" aria-live=\"assertive\" value=\"wpforms-submit\">Enviar<\/button><img decoding=\"async\" src=\"https:\/\/sounchpy.com\/wp-content\/plugins\/wpforms-lite\/assets\/images\/submit-spin.svg\" class=\"wpforms-submit-spinner\" style=\"display: none;\" width=\"26\" height=\"26\" alt=\"Loading\"><\/div><\/form><\/div>  <!-- .wpforms-container -->\t\t\t\t<\/div>\n\t\t\t\t<\/div>\n\t\t\t\t\t<\/div>\n\t\t<\/div>\n\t\t\t\t\t<\/div>\n\t\t<\/section>\n\t\t\t\t<section class=\"elementor-section elementor-top-section elementor-element elementor-element-99809a2 elementor-section-boxed elementor-section-height-default elementor-section-height-default\" data-id=\"99809a2\" data-element_type=\"section\" data-e-type=\"section\" data-settings=\"{&quot;background_background&quot;:&quot;classic&quot;}\">\n\t\t\t\t\t\t<div class=\"elementor-container elementor-column-gap-default\">\n\t\t\t\t\t<div class=\"elementor-column elementor-col-50 elementor-top-column elementor-element elementor-element-20c174d\" data-id=\"20c174d\" data-element_type=\"column\" data-e-type=\"column\">\n\t\t\t<div class=\"elementor-widget-wrap elementor-element-populated\">\n\t\t\t\t\t\t<div class=\"elementor-element elementor-element-7c19997 elementor-widget elementor-widget-spacer\" data-id=\"7c19997\" data-element_type=\"widget\" data-e-type=\"widget\" data-widget_type=\"spacer.default\">\n\t\t\t\t<div class=\"elementor-widget-container\">\n\t\t\t\t\t\t\t<div class=\"elementor-spacer\">\n\t\t\t<div class=\"elementor-spacer-inner\"><\/div>\n\t\t<\/div>\n\t\t\t\t\t\t<\/div>\n\t\t\t\t<\/div>\n\t\t\t\t<div class=\"elementor-element elementor-element-0edfc89 elementor-hidden-tablet elementor-hidden-mobile elementor-widget elementor-widget-heading\" data-id=\"0edfc89\" data-element_type=\"widget\" data-e-type=\"widget\" data-widget_type=\"heading.default\">\n\t\t\t\t<div class=\"elementor-widget-container\">\n\t\t\t\t\t<h3 class=\"elementor-heading-title elementor-size-default\">Detalle del servicio<\/h3>\t\t\t\t<\/div>\n\t\t\t\t<\/div>\n\t\t\t\t<div class=\"elementor-element elementor-element-a33bc78 elementor-hidden-desktop elementor-widget elementor-widget-heading\" data-id=\"a33bc78\" data-element_type=\"widget\" data-e-type=\"widget\" data-widget_type=\"heading.default\">\n\t\t\t\t<div class=\"elementor-widget-container\">\n\t\t\t\t\t<h3 class=\"elementor-heading-title elementor-size-large\">Detalle del servicio<\/h3>\t\t\t\t<\/div>\n\t\t\t\t<\/div>\n\t\t\t\t<div class=\"elementor-element elementor-element-eb1ae62 elementor-hidden-tablet elementor-hidden-mobile elementor-widget-divider--view-line elementor-widget elementor-widget-divider\" data-id=\"eb1ae62\" data-element_type=\"widget\" data-e-type=\"widget\" data-widget_type=\"divider.default\">\n\t\t\t\t<div class=\"elementor-widget-container\">\n\t\t\t\t\t\t\t<div class=\"elementor-divider\">\n\t\t\t<span class=\"elementor-divider-separator\">\n\t\t\t\t\t\t<\/span>\n\t\t<\/div>\n\t\t\t\t\t\t<\/div>\n\t\t\t\t<\/div>\n\t\t\t\t<div class=\"elementor-element elementor-element-70b150f elementor-hidden-desktop elementor-widget-divider--view-line elementor-widget elementor-widget-divider\" data-id=\"70b150f\" data-element_type=\"widget\" data-e-type=\"widget\" data-widget_type=\"divider.default\">\n\t\t\t\t<div class=\"elementor-widget-container\">\n\t\t\t\t\t\t\t<div class=\"elementor-divider\">\n\t\t\t<span class=\"elementor-divider-separator\">\n\t\t\t\t\t\t<\/span>\n\t\t<\/div>\n\t\t\t\t\t\t<\/div>\n\t\t\t\t<\/div>\n\t\t\t\t<div class=\"elementor-element elementor-element-d9fdeb6 elementor-widget__width-initial elementor-hidden-tablet elementor-hidden-mobile elementor-widget elementor-widget-text-editor\" data-id=\"d9fdeb6\" data-element_type=\"widget\" data-e-type=\"widget\" data-widget_type=\"text-editor.default\">\n\t\t\t\t<div class=\"elementor-widget-container\">\n\t\t\t\t\t\t\t\t\t<div class=\"fw-text-box tf-sh-7d36c70becc5f0aca7ab68a588502de9 fw-animated-element animated fadeInUp fill-mode-none\" data-animation-type=\"fadeInUp\" data-animation-delay=\"300\"><div class=\"fw-text-inner\"><div id=\"column-6303a881b928b\" class=\"fw-col-sm-12 fw-col-md-6 tf-sh-d8fbef28f77d0b6ce0202eba7c6f06c5 fw-col-no-padding\"><div class=\"fw-wrap-col-inner clearfix \"><div class=\"fw-col-inner\"><div class=\"fw-text-box tf-sh-7d36c70becc5f0aca7ab68a588502de9 fw-animated-element animated fadeInUp fill-mode-none\" data-animation-type=\"fadeInUp\" data-animation-delay=\"300\"><div class=\"fw-text-inner\"><div id=\"column-6303b077e0f44\" class=\"fw-col-sm-12 fw-col-md-6 tf-sh-d8fbef28f77d0b6ce0202eba7c6f06c5 fw-col-no-padding\"><div class=\"fw-wrap-col-inner clearfix \"><div class=\"fw-col-inner\"><div class=\"fw-text-box tf-sh-7d36c70becc5f0aca7ab68a588502de9 fw-animated-element animated fadeInUp fill-mode-none\" data-animation-type=\"fadeInUp\" data-animation-delay=\"300\"><div class=\"fw-text-inner\"><p class=\"p1\"><span class=\"s1\">SOUNCH Security Consultant\u00a0<\/span><span class=\"s2\">brinda asesoramiento profesional para la toma de decisiones.<\/span><\/p><p class=\"p2\"><span class=\"s2\">Las decisiones en materia de seguridad\u00a0\u00a0requieren de un enfoque integral, que juntamente con los conocimientos, experiencia y practicas especializadas, responden a las necesidades de nuestros clientes.<\/span><\/p><p class=\"p1\"><span class=\"s2\">Este enfoque integral abarca todas las \u00e1reas de la seguridad, F\u00edsica, Patrimonial, Seguridad e Higiene y electr\u00f3nica.<\/span><\/p><p class=\"p1\"><span class=\"s2\">Cada \u00e1rea cumple con las normas legales vigentes, evaluando los procedimientos que cada empresa dispone. Mejoramos estos procedimientos, haci\u00e9ndolos mas efectivos y eficientes, maximizando los recursos, minimizando los costo.<\/span><\/p><\/div><\/div><\/div><\/div><\/div><\/div><\/div><\/div><\/div><\/div><\/div><\/div>\t\t\t\t\t\t\t\t<\/div>\n\t\t\t\t<\/div>\n\t\t\t\t<div class=\"elementor-element elementor-element-70852d3 elementor-widget__width-initial elementor-hidden-desktop elementor-widget elementor-widget-text-editor\" data-id=\"70852d3\" data-element_type=\"widget\" data-e-type=\"widget\" data-widget_type=\"text-editor.default\">\n\t\t\t\t<div class=\"elementor-widget-container\">\n\t\t\t\t\t\t\t\t\t<div class=\"fw-text-box tf-sh-7d36c70becc5f0aca7ab68a588502de9 fw-animated-element animated fadeInUp fill-mode-none\" data-animation-type=\"fadeInUp\" data-animation-delay=\"300\"><div class=\"fw-text-inner\"><div id=\"column-6303a881b928b\" class=\"fw-col-sm-12 fw-col-md-6 tf-sh-d8fbef28f77d0b6ce0202eba7c6f06c5 fw-col-no-padding\"><div class=\"fw-wrap-col-inner clearfix \"><div class=\"fw-col-inner\"><div class=\"fw-text-box tf-sh-7d36c70becc5f0aca7ab68a588502de9 fw-animated-element animated fadeInUp fill-mode-none\" data-animation-type=\"fadeInUp\" data-animation-delay=\"300\"><div class=\"fw-text-inner\"><div id=\"column-6303b077e0f44\" class=\"fw-col-sm-12 fw-col-md-6 tf-sh-d8fbef28f77d0b6ce0202eba7c6f06c5 fw-col-no-padding\"><div class=\"fw-wrap-col-inner clearfix \"><div class=\"fw-col-inner\"><div class=\"fw-text-box tf-sh-7d36c70becc5f0aca7ab68a588502de9 fw-animated-element animated fadeInUp fill-mode-none\" data-animation-type=\"fadeInUp\" data-animation-delay=\"300\"><div class=\"fw-text-inner\"><p class=\"p1\" style=\"text-align: center;\"><span class=\"s1\">SOUNCH Security Consultant\u00a0<\/span><span class=\"s2\">brinda asesoramiento profesional para la toma de decisiones.<\/span><\/p><p class=\"p2\" style=\"text-align: center;\"><span class=\"s2\">Las decisiones en materia de seguridad\u00a0\u00a0requieren de un enfoque integral, que juntamente con los conocimientos, experiencia y practicas especializadas, responden a las necesidades de nuestros clientes.<\/span><\/p><p class=\"p1\" style=\"text-align: center;\"><span class=\"s2\">Este enfoque integral abarca todas las \u00e1reas de la seguridad, F\u00edsica, Patrimonial, Seguridad e Higiene y electr\u00f3nica.<\/span><\/p><p class=\"p1\" style=\"text-align: center;\"><span class=\"s2\">Cada \u00e1rea cumple con las normas legales vigentes, evaluando los procedimientos que cada empresa dispone. Mejoramos estos procedimientos, haci\u00e9ndolos mas efectivos y eficientes, maximizando los recursos, minimizando los costo.<\/span><\/p><\/div><\/div><\/div><\/div><\/div><\/div><\/div><\/div><\/div><\/div><\/div><\/div>\t\t\t\t\t\t\t\t<\/div>\n\t\t\t\t<\/div>\n\t\t\t\t<div class=\"elementor-element elementor-element-da82e81 elementor-widget elementor-widget-spacer\" data-id=\"da82e81\" data-element_type=\"widget\" data-e-type=\"widget\" data-widget_type=\"spacer.default\">\n\t\t\t\t<div class=\"elementor-widget-container\">\n\t\t\t\t\t\t\t<div class=\"elementor-spacer\">\n\t\t\t<div class=\"elementor-spacer-inner\"><\/div>\n\t\t<\/div>\n\t\t\t\t\t\t<\/div>\n\t\t\t\t<\/div>\n\t\t\t\t\t<\/div>\n\t\t<\/div>\n\t\t\t\t<div class=\"elementor-column elementor-col-50 elementor-top-column elementor-element elementor-element-bf0328d\" data-id=\"bf0328d\" data-element_type=\"column\" data-e-type=\"column\">\n\t\t\t<div class=\"elementor-widget-wrap elementor-element-populated\">\n\t\t\t\t\t\t<div class=\"elementor-element elementor-element-92593cf elementor-widget elementor-widget-spacer\" data-id=\"92593cf\" data-element_type=\"widget\" data-e-type=\"widget\" data-widget_type=\"spacer.default\">\n\t\t\t\t<div class=\"elementor-widget-container\">\n\t\t\t\t\t\t\t<div class=\"elementor-spacer\">\n\t\t\t<div class=\"elementor-spacer-inner\"><\/div>\n\t\t<\/div>\n\t\t\t\t\t\t<\/div>\n\t\t\t\t<\/div>\n\t\t\t\t<div class=\"elementor-element elementor-element-8f38b66 elementor-hidden-tablet elementor-hidden-mobile elementor-widget elementor-widget-spacer\" data-id=\"8f38b66\" data-element_type=\"widget\" data-e-type=\"widget\" data-widget_type=\"spacer.default\">\n\t\t\t\t<div class=\"elementor-widget-container\">\n\t\t\t\t\t\t\t<div class=\"elementor-spacer\">\n\t\t\t<div class=\"elementor-spacer-inner\"><\/div>\n\t\t<\/div>\n\t\t\t\t\t\t<\/div>\n\t\t\t\t<\/div>\n\t\t\t\t<div class=\"elementor-element elementor-element-05ed96a elementor-widget elementor-widget-image\" data-id=\"05ed96a\" data-element_type=\"widget\" data-e-type=\"widget\" data-widget_type=\"image.default\">\n\t\t\t\t<div class=\"elementor-widget-container\">\n\t\t\t\t\t\t\t\t\t\t\t\t\t\t\t<img fetchpriority=\"high\" decoding=\"async\" width=\"1024\" height=\"683\" src=\"https:\/\/sounchpy.com\/wp-content\/uploads\/2022\/04\/business-man-financial-inspector-and-secretary-making-report-calculating-or-checking-balance-internal-revenue-service-inspector-checking-document-audit-concept-1024x683.jpg\" class=\"attachment-large size-large wp-image-1586\" alt=\"\" srcset=\"https:\/\/sounchpy.com\/wp-content\/uploads\/2022\/04\/business-man-financial-inspector-and-secretary-making-report-calculating-or-checking-balance-internal-revenue-service-inspector-checking-document-audit-concept-1024x683.jpg 1024w, https:\/\/sounchpy.com\/wp-content\/uploads\/2022\/04\/business-man-financial-inspector-and-secretary-making-report-calculating-or-checking-balance-internal-revenue-service-inspector-checking-document-audit-concept-300x200.jpg 300w, https:\/\/sounchpy.com\/wp-content\/uploads\/2022\/04\/business-man-financial-inspector-and-secretary-making-report-calculating-or-checking-balance-internal-revenue-service-inspector-checking-document-audit-concept-768x512.jpg 768w, https:\/\/sounchpy.com\/wp-content\/uploads\/2022\/04\/business-man-financial-inspector-and-secretary-making-report-calculating-or-checking-balance-internal-revenue-service-inspector-checking-document-audit-concept-1536x1024.jpg 1536w, https:\/\/sounchpy.com\/wp-content\/uploads\/2022\/04\/business-man-financial-inspector-and-secretary-making-report-calculating-or-checking-balance-internal-revenue-service-inspector-checking-document-audit-concept-2048x1365.jpg 2048w\" sizes=\"(max-width: 1024px) 100vw, 1024px\" \/>\t\t\t\t\t\t\t\t\t\t\t\t\t\t\t<\/div>\n\t\t\t\t<\/div>\n\t\t\t\t<div class=\"elementor-element elementor-element-b00ab81 elementor-widget elementor-widget-spacer\" data-id=\"b00ab81\" data-element_type=\"widget\" data-e-type=\"widget\" data-widget_type=\"spacer.default\">\n\t\t\t\t<div class=\"elementor-widget-container\">\n\t\t\t\t\t\t\t<div class=\"elementor-spacer\">\n\t\t\t<div class=\"elementor-spacer-inner\"><\/div>\n\t\t<\/div>\n\t\t\t\t\t\t<\/div>\n\t\t\t\t<\/div>\n\t\t\t\t\t<\/div>\n\t\t<\/div>\n\t\t\t\t\t<\/div>\n\t\t<\/section>\n\t\t\t\t<\/div>\n\t\t","protected":false},"excerpt":{"rendered":"<p>Asesoramiento en seguridad Asesoramiento en seguridad Consultor\u00eda y gerenciamiento del riesgo sobre los servicios prestados por nuestra u otras empresas. Consultor\u00eda y gerenciamiento del riesgo sobre los servicios prestados por nuestra u otras empresas. Solicit\u00e1 cotizaci\u00f3n HOY Please enable JavaScript in your browser to complete this form. Enviar Detalle del servicio Detalle del servicio SOUNCH [&hellip;]<\/p>\n","protected":false},"author":1,"featured_media":0,"parent":0,"menu_order":0,"comment_status":"closed","ping_status":"closed","template":"","meta":{"om_disable_all_campaigns":false,"_monsterinsights_skip_tracking":false,"_monsterinsights_sitenote_active":false,"_monsterinsights_sitenote_note":"","_monsterinsights_sitenote_category":0,"site-sidebar-layout":"no-sidebar","site-content-layout":"page-builder","ast-site-content-layout":"default","site-content-style":"default","site-sidebar-style":"default","ast-global-header-display":"","ast-banner-title-visibility":"","ast-main-header-display":"","ast-hfb-above-header-display":"","ast-hfb-below-header-display":"","ast-hfb-mobile-header-display":"","site-post-title":"disabled","ast-breadcrumbs-content":"","ast-featured-img":"disabled","footer-sml-layout":"","ast-disable-related-posts":"","theme-transparent-header-meta":"","adv-header-id-meta":"","stick-header-meta":"","header-above-stick-meta":"","header-main-stick-meta":"","header-below-stick-meta":"","astra-migrate-meta-layouts":"default","ast-page-background-enabled":"default","ast-page-background-meta":{"desktop":{"background-color":"","background-image":"","background-repeat":"repeat","background-position":"center center","background-size":"auto","background-attachment":"scroll","background-type":"","background-media":"","overlay-type":"","overlay-color":"","overlay-opacity":"","overlay-gradient":""},"tablet":{"background-color":"","background-image":"","background-repeat":"repeat","background-position":"center center","background-size":"auto","background-attachment":"scroll","background-type":"","background-media":"","overlay-type":"","overlay-color":"","overlay-opacity":"","overlay-gradient":""},"mobile":{"background-color":"","background-image":"","background-repeat":"repeat","background-position":"center center","background-size":"auto","background-attachment":"scroll","background-type":"","background-media":"","overlay-type":"","overlay-color":"","overlay-opacity":"","overlay-gradient":""}},"ast-content-background-meta":{"desktop":{"background-color":"var(--ast-global-color-5)","background-image":"","background-repeat":"repeat","background-position":"center center","background-size":"auto","background-attachment":"scroll","background-type":"","background-media":"","overlay-type":"","overlay-color":"","overlay-opacity":"","overlay-gradient":""},"tablet":{"background-color":"var(--ast-global-color-5)","background-image":"","background-repeat":"repeat","background-position":"center center","background-size":"auto","background-attachment":"scroll","background-type":"","background-media":"","overlay-type":"","overlay-color":"","overlay-opacity":"","overlay-gradient":""},"mobile":{"background-color":"var(--ast-global-color-5)","background-image":"","background-repeat":"repeat","background-position":"center center","background-size":"auto","background-attachment":"scroll","background-type":"","background-media":"","overlay-type":"","overlay-color":"","overlay-opacity":"","overlay-gradient":""}},"_joinchat":[],"footnotes":""},"class_list":["post-1650","page","type-page","status-publish","hentry"],"aioseo_notices":[],"_links":{"self":[{"href":"https:\/\/sounchpy.com\/index.php\/wp-json\/wp\/v2\/pages\/1650","targetHints":{"allow":["GET"]}}],"collection":[{"href":"https:\/\/sounchpy.com\/index.php\/wp-json\/wp\/v2\/pages"}],"about":[{"href":"https:\/\/sounchpy.com\/index.php\/wp-json\/wp\/v2\/types\/page"}],"author":[{"embeddable":true,"href":"https:\/\/sounchpy.com\/index.php\/wp-json\/wp\/v2\/users\/1"}],"replies":[{"embeddable":true,"href":"https:\/\/sounchpy.com\/index.php\/wp-json\/wp\/v2\/comments?post=1650"}],"version-history":[{"count":136,"href":"https:\/\/sounchpy.com\/index.php\/wp-json\/wp\/v2\/pages\/1650\/revisions"}],"predecessor-version":[{"id":3717,"href":"https:\/\/sounchpy.com\/index.php\/wp-json\/wp\/v2\/pages\/1650\/revisions\/3717"}],"wp:attachment":[{"href":"https:\/\/sounchpy.com\/index.php\/wp-json\/wp\/v2\/media?parent=1650"}],"curies":[{"name":"wp","href":"https:\/\/api.w.org\/{rel}","templated":true}]}}