{"id":1651,"date":"2022-04-08T15:36:04","date_gmt":"2022-04-08T15:36:04","guid":{"rendered":"https:\/\/sounchpy.com\/?page_id=1651"},"modified":"2023-12-27T16:50:46","modified_gmt":"2023-12-27T16:50:46","slug":"control-satelital","status":"publish","type":"page","link":"https:\/\/sounchpy.com\/index.php\/control-satelital\/","title":{"rendered":"Control satelital"},"content":{"rendered":"\t\t<div data-elementor-type=\"wp-page\" data-elementor-id=\"1651\" class=\"elementor elementor-1651\" data-elementor-post-type=\"page\">\n\t\t\t\t\t\t<section class=\"elementor-section elementor-top-section elementor-element elementor-element-bff0442 elementor-section-boxed elementor-section-height-default elementor-section-height-default\" data-id=\"bff0442\" data-element_type=\"section\" data-e-type=\"section\" data-settings=\"{&quot;background_background&quot;:&quot;classic&quot;,&quot;background_motion_fx_motion_fx_mouse&quot;:&quot;yes&quot;}\">\n\t\t\t\t\t\t\t<div class=\"elementor-background-overlay\"><\/div>\n\t\t\t\t\t\t\t<div class=\"elementor-container elementor-column-gap-default\">\n\t\t\t\t\t<div class=\"elementor-column elementor-col-50 elementor-top-column elementor-element elementor-element-1cbf15e\" data-id=\"1cbf15e\" data-element_type=\"column\" data-e-type=\"column\">\n\t\t\t<div class=\"elementor-widget-wrap elementor-element-populated\">\n\t\t\t\t\t\t<div class=\"elementor-element elementor-element-e312808 elementor-hidden-tablet elementor-hidden-mobile elementor-widget elementor-widget-heading\" data-id=\"e312808\" data-element_type=\"widget\" data-e-type=\"widget\" data-widget_type=\"heading.default\">\n\t\t\t\t<div class=\"elementor-widget-container\">\n\t\t\t\t\t<h1 class=\"elementor-heading-title elementor-size-xxl\">Control satelital<\/h1>\t\t\t\t<\/div>\n\t\t\t\t<\/div>\n\t\t\t\t<div class=\"elementor-element elementor-element-6c0d512 elementor-hidden-desktop elementor-widget elementor-widget-heading\" data-id=\"6c0d512\" data-element_type=\"widget\" data-e-type=\"widget\" data-widget_type=\"heading.default\">\n\t\t\t\t<div class=\"elementor-widget-container\">\n\t\t\t\t\t<h1 class=\"elementor-heading-title elementor-size-xl\">Control satelital<\/h1>\t\t\t\t<\/div>\n\t\t\t\t<\/div>\n\t\t\t\t<div class=\"elementor-element elementor-element-410c8b9 elementor-hidden-tablet elementor-hidden-mobile elementor-widget-divider--view-line elementor-widget elementor-widget-divider\" data-id=\"410c8b9\" data-element_type=\"widget\" data-e-type=\"widget\" data-widget_type=\"divider.default\">\n\t\t\t\t<div class=\"elementor-widget-container\">\n\t\t\t\t\t\t\t<div class=\"elementor-divider\">\n\t\t\t<span class=\"elementor-divider-separator\">\n\t\t\t\t\t\t<\/span>\n\t\t<\/div>\n\t\t\t\t\t\t<\/div>\n\t\t\t\t<\/div>\n\t\t\t\t<div class=\"elementor-element elementor-element-f8bbb1a elementor-hidden-desktop elementor-widget-divider--view-line elementor-widget elementor-widget-divider\" data-id=\"f8bbb1a\" data-element_type=\"widget\" data-e-type=\"widget\" data-widget_type=\"divider.default\">\n\t\t\t\t<div class=\"elementor-widget-container\">\n\t\t\t\t\t\t\t<div class=\"elementor-divider\">\n\t\t\t<span class=\"elementor-divider-separator\">\n\t\t\t\t\t\t<\/span>\n\t\t<\/div>\n\t\t\t\t\t\t<\/div>\n\t\t\t\t<\/div>\n\t\t\t\t<div class=\"elementor-element elementor-element-845e447 elementor-hidden-tablet elementor-hidden-mobile elementor-widget elementor-widget-text-editor\" data-id=\"845e447\" data-element_type=\"widget\" data-e-type=\"widget\" data-widget_type=\"text-editor.default\">\n\t\t\t\t<div class=\"elementor-widget-container\">\n\t\t\t\t\t\t\t\t\t<h4><span style=\"color: #ffffff;\">Nuestro monitoreo satelital se extiende a lo largo de todo el pa\u00eds,\u00a0las 24 horas del d\u00eda, los 365 d\u00edas del a\u00f1o.<\/span><\/h4><h3>\u00a0<\/h3>\t\t\t\t\t\t\t\t<\/div>\n\t\t\t\t<\/div>\n\t\t\t\t<div class=\"elementor-element elementor-element-b2dabf2 elementor-hidden-desktop elementor-widget elementor-widget-text-editor\" data-id=\"b2dabf2\" data-element_type=\"widget\" data-e-type=\"widget\" data-widget_type=\"text-editor.default\">\n\t\t\t\t<div class=\"elementor-widget-container\">\n\t\t\t\t\t\t\t\t\t<h5 style=\"text-align: center;\"><span style=\"color: #ffffff;\">Nuestro monitoreo satelital se extiende a lo largo de todo el pa\u00eds,\u00a0las 24 horas del d\u00eda, los 365 d\u00edas del a\u00f1o.<\/span><\/h5><h3>\u00a0<\/h3>\t\t\t\t\t\t\t\t<\/div>\n\t\t\t\t<\/div>\n\t\t\t\t<div class=\"elementor-element elementor-element-dd54c4b elementor-widget elementor-widget-spacer\" data-id=\"dd54c4b\" data-element_type=\"widget\" data-e-type=\"widget\" data-widget_type=\"spacer.default\">\n\t\t\t\t<div class=\"elementor-widget-container\">\n\t\t\t\t\t\t\t<div class=\"elementor-spacer\">\n\t\t\t<div class=\"elementor-spacer-inner\"><\/div>\n\t\t<\/div>\n\t\t\t\t\t\t<\/div>\n\t\t\t\t<\/div>\n\t\t\t\t\t<\/div>\n\t\t<\/div>\n\t\t\t\t<div class=\"elementor-column elementor-col-50 elementor-top-column elementor-element elementor-element-3ffea5c\" data-id=\"3ffea5c\" data-element_type=\"column\" data-e-type=\"column\" data-settings=\"{&quot;background_background&quot;:&quot;classic&quot;}\">\n\t\t\t<div class=\"elementor-widget-wrap elementor-element-populated\">\n\t\t\t\t\t\t<div class=\"elementor-element elementor-element-9c18c2f elementor-widget elementor-widget-heading\" data-id=\"9c18c2f\" data-element_type=\"widget\" data-e-type=\"widget\" data-widget_type=\"heading.default\">\n\t\t\t\t<div class=\"elementor-widget-container\">\n\t\t\t\t\t<h4 class=\"elementor-heading-title elementor-size-default\">Solicit\u00e1 cotizaci\u00f3n HOY<\/h4>\t\t\t\t<\/div>\n\t\t\t\t<\/div>\n\t\t\t\t<div class=\"elementor-element elementor-element-9e15f47 elementor-widget elementor-widget-wpforms\" data-id=\"9e15f47\" data-element_type=\"widget\" data-e-type=\"widget\" data-widget_type=\"wpforms.default\">\n\t\t\t\t<div class=\"elementor-widget-container\">\n\t\t\t\t\t<div class=\"wpforms-container \" id=\"wpforms-1540\"><form id=\"wpforms-form-1540\" class=\"wpforms-validate wpforms-form wpforms-ajax-form\" data-formid=\"1540\" method=\"post\" enctype=\"multipart\/form-data\" action=\"\/index.php\/wp-json\/wp\/v2\/pages\/1651\" data-token=\"ed0280db0bb6cb951801d4e67a8faafd\" data-token-time=\"1776381606\"><noscript class=\"wpforms-error-noscript\">Please enable JavaScript in your browser to complete this form.<\/noscript><div class=\"wpforms-field-container\"><div id=\"wpforms-1540-field_4-container\" class=\"wpforms-field wpforms-field-text\" data-field-id=\"4\"><input type=\"text\" id=\"wpforms-1540-field_4\" class=\"wpforms-field-large wpforms-field-required\" name=\"wpforms[fields][4]\" placeholder=\"Nombre*\" required><\/div><div id=\"wpforms-1540-field_5-container\" class=\"wpforms-field wpforms-field-number\" data-field-id=\"5\"><input type=\"number\" id=\"wpforms-1540-field_5\" class=\"wpforms-field-large wpforms-field-required\" name=\"wpforms[fields][5]\" placeholder=\"N\u00famero telef\u00f3nico\" step=\"any\" required><\/div><div id=\"wpforms-1540-field_6-container\" class=\"wpforms-field wpforms-field-email\" data-field-id=\"6\"><input type=\"email\" id=\"wpforms-1540-field_6\" class=\"wpforms-field-large wpforms-field-required\" name=\"wpforms[fields][6]\" placeholder=\"Email*\" spellcheck=\"false\" required><\/div><div id=\"wpforms-1540-field_7-container\" class=\"wpforms-field wpforms-field-textarea\" data-field-id=\"7\"><textarea id=\"wpforms-1540-field_7\" class=\"wpforms-field-small\" name=\"wpforms[fields][7]\" placeholder=\"Buenos d\u00edas, quer\u00eda solicitarles..\" ><\/textarea><\/div><\/div><!-- .wpforms-field-container --><div class=\"wpforms-recaptcha-container wpforms-is-recaptcha wpforms-is-recaptcha-type-v2\" ><div class=\"g-recaptcha\" data-sitekey=\"6Lcz74kpAAAAAKHXkRYmQ-qsOUJFAoergXgplCOz\"><\/div><input type=\"text\" name=\"g-recaptcha-hidden\" class=\"wpforms-recaptcha-hidden\" style=\"position:absolute!important;clip:rect(0,0,0,0)!important;height:1px!important;width:1px!important;border:0!important;overflow:hidden!important;padding:0!important;margin:0!important;\" data-rule-recaptcha=\"1\"><\/div><div class=\"wpforms-submit-container\" ><input type=\"hidden\" name=\"wpforms[id]\" value=\"1540\"><input type=\"hidden\" name=\"page_title\" value=\"\"><input type=\"hidden\" name=\"page_url\" value=\"https:\/\/sounchpy.com\/index.php\/wp-json\/wp\/v2\/pages\/1651\"><input type=\"hidden\" name=\"url_referer\" value=\"\"><button type=\"submit\" name=\"wpforms[submit]\" id=\"wpforms-submit-1540\" class=\"wpforms-submit\" data-alt-text=\"Enviando...\" data-submit-text=\"Enviar\" aria-live=\"assertive\" value=\"wpforms-submit\">Enviar<\/button><img decoding=\"async\" src=\"https:\/\/sounchpy.com\/wp-content\/plugins\/wpforms-lite\/assets\/images\/submit-spin.svg\" class=\"wpforms-submit-spinner\" style=\"display: none;\" width=\"26\" height=\"26\" alt=\"Loading\"><\/div><\/form><\/div>  <!-- .wpforms-container -->\t\t\t\t<\/div>\n\t\t\t\t<\/div>\n\t\t\t\t\t<\/div>\n\t\t<\/div>\n\t\t\t\t\t<\/div>\n\t\t<\/section>\n\t\t\t\t<section class=\"elementor-section elementor-top-section elementor-element elementor-element-93c3fd7 elementor-section-boxed elementor-section-height-default elementor-section-height-default\" data-id=\"93c3fd7\" data-element_type=\"section\" data-e-type=\"section\" data-settings=\"{&quot;background_background&quot;:&quot;classic&quot;}\">\n\t\t\t\t\t\t<div class=\"elementor-container elementor-column-gap-default\">\n\t\t\t\t\t<div class=\"elementor-column elementor-col-50 elementor-top-column elementor-element elementor-element-f446cd6\" data-id=\"f446cd6\" data-element_type=\"column\" data-e-type=\"column\">\n\t\t\t<div class=\"elementor-widget-wrap elementor-element-populated\">\n\t\t\t\t\t\t<div class=\"elementor-element elementor-element-0e7286d elementor-widget elementor-widget-spacer\" data-id=\"0e7286d\" data-element_type=\"widget\" data-e-type=\"widget\" data-widget_type=\"spacer.default\">\n\t\t\t\t<div class=\"elementor-widget-container\">\n\t\t\t\t\t\t\t<div class=\"elementor-spacer\">\n\t\t\t<div class=\"elementor-spacer-inner\"><\/div>\n\t\t<\/div>\n\t\t\t\t\t\t<\/div>\n\t\t\t\t<\/div>\n\t\t\t\t<div class=\"elementor-element elementor-element-e78fd43 elementor-hidden-tablet elementor-hidden-mobile elementor-widget elementor-widget-heading\" data-id=\"e78fd43\" data-element_type=\"widget\" data-e-type=\"widget\" data-widget_type=\"heading.default\">\n\t\t\t\t<div class=\"elementor-widget-container\">\n\t\t\t\t\t<h3 class=\"elementor-heading-title elementor-size-default\">Detalle del servicio<\/h3>\t\t\t\t<\/div>\n\t\t\t\t<\/div>\n\t\t\t\t<div class=\"elementor-element elementor-element-ac2e8fb elementor-hidden-tablet elementor-hidden-mobile elementor-widget-divider--view-line elementor-widget elementor-widget-divider\" data-id=\"ac2e8fb\" data-element_type=\"widget\" data-e-type=\"widget\" data-widget_type=\"divider.default\">\n\t\t\t\t<div class=\"elementor-widget-container\">\n\t\t\t\t\t\t\t<div class=\"elementor-divider\">\n\t\t\t<span class=\"elementor-divider-separator\">\n\t\t\t\t\t\t<\/span>\n\t\t<\/div>\n\t\t\t\t\t\t<\/div>\n\t\t\t\t<\/div>\n\t\t\t\t<div class=\"elementor-element elementor-element-9683f0f elementor-hidden-desktop elementor-widget elementor-widget-heading\" data-id=\"9683f0f\" data-element_type=\"widget\" data-e-type=\"widget\" data-widget_type=\"heading.default\">\n\t\t\t\t<div class=\"elementor-widget-container\">\n\t\t\t\t\t<h3 class=\"elementor-heading-title elementor-size-large\">Detalle del servicio<\/h3>\t\t\t\t<\/div>\n\t\t\t\t<\/div>\n\t\t\t\t<div class=\"elementor-element elementor-element-7b74b88 elementor-hidden-desktop elementor-widget-divider--view-line elementor-widget elementor-widget-divider\" data-id=\"7b74b88\" data-element_type=\"widget\" data-e-type=\"widget\" data-widget_type=\"divider.default\">\n\t\t\t\t<div class=\"elementor-widget-container\">\n\t\t\t\t\t\t\t<div class=\"elementor-divider\">\n\t\t\t<span class=\"elementor-divider-separator\">\n\t\t\t\t\t\t<\/span>\n\t\t<\/div>\n\t\t\t\t\t\t<\/div>\n\t\t\t\t<\/div>\n\t\t\t\t<div class=\"elementor-element elementor-element-e9b4a07 elementor-widget__width-initial elementor-hidden-tablet elementor-hidden-mobile elementor-widget elementor-widget-text-editor\" data-id=\"e9b4a07\" data-element_type=\"widget\" data-e-type=\"widget\" data-widget_type=\"text-editor.default\">\n\t\t\t\t<div class=\"elementor-widget-container\">\n\t\t\t\t\t\t\t\t\t<div class=\"fw-text-box tf-sh-7d36c70becc5f0aca7ab68a588502de9 fw-animated-element animated fadeInUp fill-mode-none\" data-animation-type=\"fadeInUp\" data-animation-delay=\"300\"><div class=\"fw-text-inner\"><div id=\"column-6303a881b928b\" class=\"fw-col-sm-12 fw-col-md-6 tf-sh-d8fbef28f77d0b6ce0202eba7c6f06c5 fw-col-no-padding\"><div class=\"fw-wrap-col-inner clearfix \"><div class=\"fw-col-inner\"><div class=\"fw-text-box tf-sh-7d36c70becc5f0aca7ab68a588502de9 fw-animated-element animated fadeInUp fill-mode-none\" data-animation-type=\"fadeInUp\" data-animation-delay=\"300\"><div class=\"fw-text-inner\"><div id=\"column-6303b077e0f44\" class=\"fw-col-sm-12 fw-col-md-6 tf-sh-d8fbef28f77d0b6ce0202eba7c6f06c5 fw-col-no-padding\"><div class=\"fw-wrap-col-inner clearfix \"><div class=\"fw-col-inner\"><div class=\"fw-text-box tf-sh-7d36c70becc5f0aca7ab68a588502de9 fw-animated-element animated fadeInUp fill-mode-none\" data-animation-type=\"fadeInUp\" data-animation-delay=\"300\"><div class=\"fw-text-inner\"><p style=\"font-size: 16px; font-style: normal; font-weight: 400;\">Invertimos permanentemente en tecnolog\u00eda y en el desarrollo de nuevas herramientas para contrarrestar cualquier intento de inhibici\u00f3n de nuestro sistema por parte de los delincuentes, ya que somos conscientes de que es necesario proveer al servicio de todos los elementos para que no sea perjudicado por dichas organizaciones.<\/p><p style=\"font-size: 16px; font-style: normal; font-weight: 400;\">Aplicando la tecnolog\u00eda GPS. es posible realizar el seguimiento y control de los m\u00f3viles y de la\u00a0mercader\u00eda, monitore\u00e1ndola desde su egreso desde el centro de abastecimiento hasta la entrega final.<\/p><\/div><\/div><\/div><\/div><\/div><\/div><\/div><\/div><\/div><\/div><\/div><\/div>\t\t\t\t\t\t\t\t<\/div>\n\t\t\t\t<\/div>\n\t\t\t\t<div class=\"elementor-element elementor-element-e4ca4ae elementor-widget__width-initial elementor-hidden-desktop elementor-widget elementor-widget-text-editor\" data-id=\"e4ca4ae\" data-element_type=\"widget\" data-e-type=\"widget\" data-widget_type=\"text-editor.default\">\n\t\t\t\t<div class=\"elementor-widget-container\">\n\t\t\t\t\t\t\t\t\t<div class=\"fw-text-box tf-sh-7d36c70becc5f0aca7ab68a588502de9 fw-animated-element animated fadeInUp fill-mode-none\" data-animation-type=\"fadeInUp\" data-animation-delay=\"300\"><div class=\"fw-text-inner\"><div id=\"column-6303a881b928b\" class=\"fw-col-sm-12 fw-col-md-6 tf-sh-d8fbef28f77d0b6ce0202eba7c6f06c5 fw-col-no-padding\"><div class=\"fw-wrap-col-inner clearfix \"><div class=\"fw-col-inner\"><div class=\"fw-text-box tf-sh-7d36c70becc5f0aca7ab68a588502de9 fw-animated-element animated fadeInUp fill-mode-none\" data-animation-type=\"fadeInUp\" data-animation-delay=\"300\"><div class=\"fw-text-inner\"><div id=\"column-6303b077e0f44\" class=\"fw-col-sm-12 fw-col-md-6 tf-sh-d8fbef28f77d0b6ce0202eba7c6f06c5 fw-col-no-padding\"><div class=\"fw-wrap-col-inner clearfix \"><div class=\"fw-col-inner\"><div class=\"fw-text-box tf-sh-7d36c70becc5f0aca7ab68a588502de9 fw-animated-element animated fadeInUp fill-mode-none\" data-animation-type=\"fadeInUp\" data-animation-delay=\"300\"><div class=\"fw-text-inner\"><p style=\"font-size: 16px; font-style: normal; font-weight: 400; text-align: center;\">Invertimos permanentemente en tecnolog\u00eda y en el desarrollo de nuevas herramientas para contrarrestar cualquier intento de inhibici\u00f3n de nuestro sistema por parte de los delincuentes, ya que somos conscientes de que es necesario proveer al servicio de todos los elementos para que no sea perjudicado por dichas organizaciones.<\/p><p style=\"font-size: 16px; font-style: normal; font-weight: 400; text-align: center;\">Aplicando la tecnolog\u00eda GPS. es posible realizar el seguimiento y control de los m\u00f3viles y de la\u00a0mercader\u00eda, monitore\u00e1ndola desde su egreso desde el centro de abastecimiento hasta la entrega final.<\/p><\/div><\/div><\/div><\/div><\/div><\/div><\/div><\/div><\/div><\/div><\/div><\/div>\t\t\t\t\t\t\t\t<\/div>\n\t\t\t\t<\/div>\n\t\t\t\t<div class=\"elementor-element elementor-element-d2a35e1 elementor-widget elementor-widget-spacer\" data-id=\"d2a35e1\" data-element_type=\"widget\" data-e-type=\"widget\" data-widget_type=\"spacer.default\">\n\t\t\t\t<div class=\"elementor-widget-container\">\n\t\t\t\t\t\t\t<div class=\"elementor-spacer\">\n\t\t\t<div class=\"elementor-spacer-inner\"><\/div>\n\t\t<\/div>\n\t\t\t\t\t\t<\/div>\n\t\t\t\t<\/div>\n\t\t\t\t\t<\/div>\n\t\t<\/div>\n\t\t\t\t<div class=\"elementor-column elementor-col-50 elementor-top-column elementor-element elementor-element-4429ead\" data-id=\"4429ead\" data-element_type=\"column\" data-e-type=\"column\">\n\t\t\t<div class=\"elementor-widget-wrap elementor-element-populated\">\n\t\t\t\t\t\t<div class=\"elementor-element elementor-element-762b53c elementor-widget elementor-widget-spacer\" data-id=\"762b53c\" data-element_type=\"widget\" data-e-type=\"widget\" data-widget_type=\"spacer.default\">\n\t\t\t\t<div class=\"elementor-widget-container\">\n\t\t\t\t\t\t\t<div class=\"elementor-spacer\">\n\t\t\t<div class=\"elementor-spacer-inner\"><\/div>\n\t\t<\/div>\n\t\t\t\t\t\t<\/div>\n\t\t\t\t<\/div>\n\t\t\t\t<div class=\"elementor-element elementor-element-9998f35 elementor-hidden-tablet elementor-hidden-mobile elementor-widget elementor-widget-spacer\" data-id=\"9998f35\" data-element_type=\"widget\" data-e-type=\"widget\" data-widget_type=\"spacer.default\">\n\t\t\t\t<div class=\"elementor-widget-container\">\n\t\t\t\t\t\t\t<div class=\"elementor-spacer\">\n\t\t\t<div class=\"elementor-spacer-inner\"><\/div>\n\t\t<\/div>\n\t\t\t\t\t\t<\/div>\n\t\t\t\t<\/div>\n\t\t\t\t<div class=\"elementor-element elementor-element-d746ec7 elementor-widget elementor-widget-image\" data-id=\"d746ec7\" data-element_type=\"widget\" data-e-type=\"widget\" data-widget_type=\"image.default\">\n\t\t\t\t<div class=\"elementor-widget-container\">\n\t\t\t\t\t\t\t\t\t\t\t\t\t\t\t<img fetchpriority=\"high\" decoding=\"async\" width=\"1024\" height=\"683\" src=\"https:\/\/sounchpy.com\/wp-content\/uploads\/2023\/05\/handsome-security-guard-in-surveillance-room-1-copia-1024x683.jpg\" class=\"attachment-large size-large wp-image-2986\" alt=\"\" srcset=\"https:\/\/sounchpy.com\/wp-content\/uploads\/2023\/05\/handsome-security-guard-in-surveillance-room-1-copia-1024x683.jpg 1024w, https:\/\/sounchpy.com\/wp-content\/uploads\/2023\/05\/handsome-security-guard-in-surveillance-room-1-copia-300x200.jpg 300w, https:\/\/sounchpy.com\/wp-content\/uploads\/2023\/05\/handsome-security-guard-in-surveillance-room-1-copia-768x512.jpg 768w, https:\/\/sounchpy.com\/wp-content\/uploads\/2023\/05\/handsome-security-guard-in-surveillance-room-1-copia-1536x1024.jpg 1536w, https:\/\/sounchpy.com\/wp-content\/uploads\/2023\/05\/handsome-security-guard-in-surveillance-room-1-copia-2048x1365.jpg 2048w\" sizes=\"(max-width: 1024px) 100vw, 1024px\" \/>\t\t\t\t\t\t\t\t\t\t\t\t\t\t\t<\/div>\n\t\t\t\t<\/div>\n\t\t\t\t<div class=\"elementor-element elementor-element-1293d2b elementor-widget elementor-widget-spacer\" data-id=\"1293d2b\" data-element_type=\"widget\" data-e-type=\"widget\" data-widget_type=\"spacer.default\">\n\t\t\t\t<div class=\"elementor-widget-container\">\n\t\t\t\t\t\t\t<div class=\"elementor-spacer\">\n\t\t\t<div class=\"elementor-spacer-inner\"><\/div>\n\t\t<\/div>\n\t\t\t\t\t\t<\/div>\n\t\t\t\t<\/div>\n\t\t\t\t\t<\/div>\n\t\t<\/div>\n\t\t\t\t\t<\/div>\n\t\t<\/section>\n\t\t\t\t<\/div>\n\t\t","protected":false},"excerpt":{"rendered":"<p>Control satelital Control satelital Nuestro monitoreo satelital se extiende a lo largo de todo el pa\u00eds,\u00a0las 24 horas del d\u00eda, los 365 d\u00edas del a\u00f1o. \u00a0 Nuestro monitoreo satelital se extiende a lo largo de todo el pa\u00eds,\u00a0las 24 horas del d\u00eda, los 365 d\u00edas del a\u00f1o. \u00a0 Solicit\u00e1 cotizaci\u00f3n HOY Please enable JavaScript in [&hellip;]<\/p>\n","protected":false},"author":1,"featured_media":0,"parent":0,"menu_order":0,"comment_status":"closed","ping_status":"closed","template":"","meta":{"om_disable_all_campaigns":false,"_monsterinsights_skip_tracking":false,"_monsterinsights_sitenote_active":false,"_monsterinsights_sitenote_note":"","_monsterinsights_sitenote_category":0,"site-sidebar-layout":"no-sidebar","site-content-layout":"page-builder","ast-site-content-layout":"default","site-content-style":"default","site-sidebar-style":"default","ast-global-header-display":"","ast-banner-title-visibility":"","ast-main-header-display":"","ast-hfb-above-header-display":"","ast-hfb-below-header-display":"","ast-hfb-mobile-header-display":"","site-post-title":"disabled","ast-breadcrumbs-content":"","ast-featured-img":"disabled","footer-sml-layout":"","ast-disable-related-posts":"","theme-transparent-header-meta":"","adv-header-id-meta":"","stick-header-meta":"","header-above-stick-meta":"","header-main-stick-meta":"","header-below-stick-meta":"","astra-migrate-meta-layouts":"default","ast-page-background-enabled":"default","ast-page-background-meta":{"desktop":{"background-color":"","background-image":"","background-repeat":"repeat","background-position":"center center","background-size":"auto","background-attachment":"scroll","background-type":"","background-media":"","overlay-type":"","overlay-color":"","overlay-opacity":"","overlay-gradient":""},"tablet":{"background-color":"","background-image":"","background-repeat":"repeat","background-position":"center center","background-size":"auto","background-attachment":"scroll","background-type":"","background-media":"","overlay-type":"","overlay-color":"","overlay-opacity":"","overlay-gradient":""},"mobile":{"background-color":"","background-image":"","background-repeat":"repeat","background-position":"center center","background-size":"auto","background-attachment":"scroll","background-type":"","background-media":"","overlay-type":"","overlay-color":"","overlay-opacity":"","overlay-gradient":""}},"ast-content-background-meta":{"desktop":{"background-color":"var(--ast-global-color-5)","background-image":"","background-repeat":"repeat","background-position":"center center","background-size":"auto","background-attachment":"scroll","background-type":"","background-media":"","overlay-type":"","overlay-color":"","overlay-opacity":"","overlay-gradient":""},"tablet":{"background-color":"var(--ast-global-color-5)","background-image":"","background-repeat":"repeat","background-position":"center center","background-size":"auto","background-attachment":"scroll","background-type":"","background-media":"","overlay-type":"","overlay-color":"","overlay-opacity":"","overlay-gradient":""},"mobile":{"background-color":"var(--ast-global-color-5)","background-image":"","background-repeat":"repeat","background-position":"center center","background-size":"auto","background-attachment":"scroll","background-type":"","background-media":"","overlay-type":"","overlay-color":"","overlay-opacity":"","overlay-gradient":""}},"_joinchat":[],"footnotes":""},"class_list":["post-1651","page","type-page","status-publish","hentry"],"aioseo_notices":[],"_links":{"self":[{"href":"https:\/\/sounchpy.com\/index.php\/wp-json\/wp\/v2\/pages\/1651","targetHints":{"allow":["GET"]}}],"collection":[{"href":"https:\/\/sounchpy.com\/index.php\/wp-json\/wp\/v2\/pages"}],"about":[{"href":"https:\/\/sounchpy.com\/index.php\/wp-json\/wp\/v2\/types\/page"}],"author":[{"embeddable":true,"href":"https:\/\/sounchpy.com\/index.php\/wp-json\/wp\/v2\/users\/1"}],"replies":[{"embeddable":true,"href":"https:\/\/sounchpy.com\/index.php\/wp-json\/wp\/v2\/comments?post=1651"}],"version-history":[{"count":82,"href":"https:\/\/sounchpy.com\/index.php\/wp-json\/wp\/v2\/pages\/1651\/revisions"}],"predecessor-version":[{"id":3390,"href":"https:\/\/sounchpy.com\/index.php\/wp-json\/wp\/v2\/pages\/1651\/revisions\/3390"}],"wp:attachment":[{"href":"https:\/\/sounchpy.com\/index.php\/wp-json\/wp\/v2\/media?parent=1651"}],"curies":[{"name":"wp","href":"https:\/\/api.w.org\/{rel}","templated":true}]}}