{"id":2663,"date":"2022-08-23T19:10:17","date_gmt":"2022-08-23T19:10:17","guid":{"rendered":"https:\/\/sounchpy.com\/?page_id=2663"},"modified":"2023-12-27T17:31:23","modified_gmt":"2023-12-27T17:31:23","slug":"vigilancia-fisica","status":"publish","type":"page","link":"https:\/\/sounchpy.com\/index.php\/vigilancia-fisica\/","title":{"rendered":"Vigilancia f\u00edsica"},"content":{"rendered":"\t\t<div data-elementor-type=\"wp-page\" data-elementor-id=\"2663\" class=\"elementor elementor-2663\" data-elementor-post-type=\"page\">\n\t\t\t\t\t\t<section class=\"elementor-section elementor-top-section elementor-element elementor-element-60518ae elementor-section-boxed elementor-section-height-default elementor-section-height-default\" data-id=\"60518ae\" data-element_type=\"section\" data-e-type=\"section\" data-settings=\"{&quot;background_background&quot;:&quot;classic&quot;,&quot;background_motion_fx_motion_fx_mouse&quot;:&quot;yes&quot;}\">\n\t\t\t\t\t\t\t<div class=\"elementor-background-overlay\"><\/div>\n\t\t\t\t\t\t\t<div class=\"elementor-container elementor-column-gap-default\">\n\t\t\t\t\t<div class=\"elementor-column elementor-col-50 elementor-top-column elementor-element elementor-element-1f2bb06\" data-id=\"1f2bb06\" data-element_type=\"column\" data-e-type=\"column\">\n\t\t\t<div class=\"elementor-widget-wrap elementor-element-populated\">\n\t\t\t\t\t\t<div class=\"elementor-element elementor-element-4812a46 elementor-hidden-tablet elementor-hidden-mobile elementor-widget elementor-widget-heading\" data-id=\"4812a46\" data-element_type=\"widget\" data-e-type=\"widget\" data-widget_type=\"heading.default\">\n\t\t\t\t<div class=\"elementor-widget-container\">\n\t\t\t\t\t<h1 class=\"elementor-heading-title elementor-size-xxl\">Vigilancia\nf\u00edsica<\/h1>\t\t\t\t<\/div>\n\t\t\t\t<\/div>\n\t\t\t\t<div class=\"elementor-element elementor-element-eb9b5d7 elementor-hidden-desktop elementor-widget elementor-widget-heading\" data-id=\"eb9b5d7\" data-element_type=\"widget\" data-e-type=\"widget\" data-widget_type=\"heading.default\">\n\t\t\t\t<div class=\"elementor-widget-container\">\n\t\t\t\t\t<h1 class=\"elementor-heading-title elementor-size-xl\">Vigilancia\nf\u00edsica<\/h1>\t\t\t\t<\/div>\n\t\t\t\t<\/div>\n\t\t\t\t<div class=\"elementor-element elementor-element-e7543a8 elementor-hidden-tablet elementor-hidden-mobile elementor-widget-divider--view-line elementor-widget elementor-widget-divider\" data-id=\"e7543a8\" data-element_type=\"widget\" data-e-type=\"widget\" data-widget_type=\"divider.default\">\n\t\t\t\t<div class=\"elementor-widget-container\">\n\t\t\t\t\t\t\t<div class=\"elementor-divider\">\n\t\t\t<span class=\"elementor-divider-separator\">\n\t\t\t\t\t\t<\/span>\n\t\t<\/div>\n\t\t\t\t\t\t<\/div>\n\t\t\t\t<\/div>\n\t\t\t\t<div class=\"elementor-element elementor-element-e9c13dc elementor-hidden-desktop elementor-widget-divider--view-line elementor-widget elementor-widget-divider\" data-id=\"e9c13dc\" data-element_type=\"widget\" data-e-type=\"widget\" data-widget_type=\"divider.default\">\n\t\t\t\t<div class=\"elementor-widget-container\">\n\t\t\t\t\t\t\t<div class=\"elementor-divider\">\n\t\t\t<span class=\"elementor-divider-separator\">\n\t\t\t\t\t\t<\/span>\n\t\t<\/div>\n\t\t\t\t\t\t<\/div>\n\t\t\t\t<\/div>\n\t\t\t\t<div class=\"elementor-element elementor-element-a32b255 elementor-hidden-tablet elementor-hidden-mobile elementor-widget elementor-widget-text-editor\" data-id=\"a32b255\" data-element_type=\"widget\" data-e-type=\"widget\" data-widget_type=\"text-editor.default\">\n\t\t\t\t<div class=\"elementor-widget-container\">\n\t\t\t\t\t\t\t\t\t<h4><span style=\"color: #ffffff;\">Eleg\u00ed proteger tu hogar o negocio con\u00a0<\/span><span style=\"color: #ffffff;\">expertos en seguridad privada.<\/span><\/h4>\t\t\t\t\t\t\t\t<\/div>\n\t\t\t\t<\/div>\n\t\t\t\t<div class=\"elementor-element elementor-element-e9ca934 elementor-hidden-desktop elementor-widget elementor-widget-text-editor\" data-id=\"e9ca934\" data-element_type=\"widget\" data-e-type=\"widget\" data-widget_type=\"text-editor.default\">\n\t\t\t\t<div class=\"elementor-widget-container\">\n\t\t\t\t\t\t\t\t\t<h5 style=\"text-align: center;\"><span style=\"color: #ffffff;\">Eleg\u00ed proteger tu hogar o negocio con expertos en seguridad privada.<\/span><\/h5>\t\t\t\t\t\t\t\t<\/div>\n\t\t\t\t<\/div>\n\t\t\t\t<div class=\"elementor-element elementor-element-d4ea9f3 elementor-widget elementor-widget-spacer\" data-id=\"d4ea9f3\" data-element_type=\"widget\" data-e-type=\"widget\" data-widget_type=\"spacer.default\">\n\t\t\t\t<div class=\"elementor-widget-container\">\n\t\t\t\t\t\t\t<div class=\"elementor-spacer\">\n\t\t\t<div class=\"elementor-spacer-inner\"><\/div>\n\t\t<\/div>\n\t\t\t\t\t\t<\/div>\n\t\t\t\t<\/div>\n\t\t\t\t\t<\/div>\n\t\t<\/div>\n\t\t\t\t<div class=\"elementor-column elementor-col-50 elementor-top-column elementor-element elementor-element-3d70540\" data-id=\"3d70540\" data-element_type=\"column\" data-e-type=\"column\" data-settings=\"{&quot;background_background&quot;:&quot;classic&quot;}\">\n\t\t\t<div class=\"elementor-widget-wrap elementor-element-populated\">\n\t\t\t\t\t\t<div class=\"elementor-element elementor-element-da4fc06 elementor-widget elementor-widget-heading\" data-id=\"da4fc06\" data-element_type=\"widget\" data-e-type=\"widget\" data-widget_type=\"heading.default\">\n\t\t\t\t<div class=\"elementor-widget-container\">\n\t\t\t\t\t<h4 class=\"elementor-heading-title elementor-size-default\">Solicit\u00e1 cotizaci\u00f3n HOY<\/h4>\t\t\t\t<\/div>\n\t\t\t\t<\/div>\n\t\t\t\t<div class=\"elementor-element elementor-element-6851151 elementor-widget elementor-widget-wpforms\" data-id=\"6851151\" data-element_type=\"widget\" data-e-type=\"widget\" data-widget_type=\"wpforms.default\">\n\t\t\t\t<div class=\"elementor-widget-container\">\n\t\t\t\t\t<div class=\"wpforms-container \" id=\"wpforms-1540\"><form id=\"wpforms-form-1540\" class=\"wpforms-validate wpforms-form wpforms-ajax-form\" data-formid=\"1540\" method=\"post\" enctype=\"multipart\/form-data\" action=\"\/index.php\/wp-json\/wp\/v2\/pages\/2663\" data-token=\"ed0280db0bb6cb951801d4e67a8faafd\" data-token-time=\"1776381585\"><noscript class=\"wpforms-error-noscript\">Please enable JavaScript in your browser to complete this form.<\/noscript><div class=\"wpforms-field-container\"><div id=\"wpforms-1540-field_4-container\" class=\"wpforms-field wpforms-field-text\" data-field-id=\"4\"><input type=\"text\" id=\"wpforms-1540-field_4\" class=\"wpforms-field-large wpforms-field-required\" name=\"wpforms[fields][4]\" placeholder=\"Nombre*\" required><\/div><div id=\"wpforms-1540-field_5-container\" class=\"wpforms-field wpforms-field-number\" data-field-id=\"5\"><input type=\"number\" id=\"wpforms-1540-field_5\" class=\"wpforms-field-large wpforms-field-required\" name=\"wpforms[fields][5]\" placeholder=\"N\u00famero telef\u00f3nico\" step=\"any\" required><\/div><div id=\"wpforms-1540-field_6-container\" class=\"wpforms-field wpforms-field-email\" data-field-id=\"6\"><input type=\"email\" id=\"wpforms-1540-field_6\" class=\"wpforms-field-large wpforms-field-required\" name=\"wpforms[fields][6]\" placeholder=\"Email*\" spellcheck=\"false\" required><\/div><div id=\"wpforms-1540-field_7-container\" class=\"wpforms-field wpforms-field-textarea\" data-field-id=\"7\"><textarea id=\"wpforms-1540-field_7\" class=\"wpforms-field-small\" name=\"wpforms[fields][7]\" placeholder=\"Buenos d\u00edas, quer\u00eda solicitarles..\" ><\/textarea><\/div><\/div><!-- .wpforms-field-container --><div class=\"wpforms-recaptcha-container wpforms-is-recaptcha wpforms-is-recaptcha-type-v2\" ><div class=\"g-recaptcha\" data-sitekey=\"6Lcz74kpAAAAAKHXkRYmQ-qsOUJFAoergXgplCOz\"><\/div><input type=\"text\" name=\"g-recaptcha-hidden\" class=\"wpforms-recaptcha-hidden\" style=\"position:absolute!important;clip:rect(0,0,0,0)!important;height:1px!important;width:1px!important;border:0!important;overflow:hidden!important;padding:0!important;margin:0!important;\" data-rule-recaptcha=\"1\"><\/div><div class=\"wpforms-submit-container\" ><input type=\"hidden\" name=\"wpforms[id]\" value=\"1540\"><input type=\"hidden\" name=\"page_title\" value=\"\"><input type=\"hidden\" name=\"page_url\" value=\"https:\/\/sounchpy.com\/index.php\/wp-json\/wp\/v2\/pages\/2663\"><input type=\"hidden\" name=\"url_referer\" value=\"\"><button type=\"submit\" name=\"wpforms[submit]\" id=\"wpforms-submit-1540\" class=\"wpforms-submit\" data-alt-text=\"Enviando...\" data-submit-text=\"Enviar\" aria-live=\"assertive\" value=\"wpforms-submit\">Enviar<\/button><img decoding=\"async\" src=\"https:\/\/sounchpy.com\/wp-content\/plugins\/wpforms-lite\/assets\/images\/submit-spin.svg\" class=\"wpforms-submit-spinner\" style=\"display: none;\" width=\"26\" height=\"26\" alt=\"Loading\"><\/div><\/form><\/div>  <!-- .wpforms-container -->\t\t\t\t<\/div>\n\t\t\t\t<\/div>\n\t\t\t\t\t<\/div>\n\t\t<\/div>\n\t\t\t\t\t<\/div>\n\t\t<\/section>\n\t\t\t\t<section class=\"elementor-section elementor-top-section elementor-element elementor-element-392f476 elementor-section-boxed elementor-section-height-default elementor-section-height-default\" data-id=\"392f476\" data-element_type=\"section\" data-e-type=\"section\" data-settings=\"{&quot;background_background&quot;:&quot;classic&quot;}\">\n\t\t\t\t\t\t<div class=\"elementor-container elementor-column-gap-default\">\n\t\t\t\t\t<div class=\"elementor-column elementor-col-50 elementor-top-column elementor-element elementor-element-e2052a0\" data-id=\"e2052a0\" data-element_type=\"column\" data-e-type=\"column\">\n\t\t\t<div class=\"elementor-widget-wrap elementor-element-populated\">\n\t\t\t\t\t\t<div class=\"elementor-element elementor-element-2e70ebe elementor-widget elementor-widget-spacer\" data-id=\"2e70ebe\" data-element_type=\"widget\" data-e-type=\"widget\" data-widget_type=\"spacer.default\">\n\t\t\t\t<div class=\"elementor-widget-container\">\n\t\t\t\t\t\t\t<div class=\"elementor-spacer\">\n\t\t\t<div class=\"elementor-spacer-inner\"><\/div>\n\t\t<\/div>\n\t\t\t\t\t\t<\/div>\n\t\t\t\t<\/div>\n\t\t\t\t<div class=\"elementor-element elementor-element-50e2bb3 elementor-hidden-tablet elementor-hidden-mobile elementor-widget elementor-widget-heading\" data-id=\"50e2bb3\" data-element_type=\"widget\" data-e-type=\"widget\" data-widget_type=\"heading.default\">\n\t\t\t\t<div class=\"elementor-widget-container\">\n\t\t\t\t\t<h3 class=\"elementor-heading-title elementor-size-default\">Detalle del servicio<\/h3>\t\t\t\t<\/div>\n\t\t\t\t<\/div>\n\t\t\t\t<div class=\"elementor-element elementor-element-3fe3ec8 elementor-hidden-desktop elementor-widget elementor-widget-heading\" data-id=\"3fe3ec8\" data-element_type=\"widget\" data-e-type=\"widget\" data-widget_type=\"heading.default\">\n\t\t\t\t<div class=\"elementor-widget-container\">\n\t\t\t\t\t<h3 class=\"elementor-heading-title elementor-size-large\">Detalle del servicio<\/h3>\t\t\t\t<\/div>\n\t\t\t\t<\/div>\n\t\t\t\t<div class=\"elementor-element elementor-element-dbec0f6 elementor-hidden-tablet elementor-hidden-mobile elementor-widget-divider--view-line elementor-widget elementor-widget-divider\" data-id=\"dbec0f6\" data-element_type=\"widget\" data-e-type=\"widget\" data-widget_type=\"divider.default\">\n\t\t\t\t<div class=\"elementor-widget-container\">\n\t\t\t\t\t\t\t<div class=\"elementor-divider\">\n\t\t\t<span class=\"elementor-divider-separator\">\n\t\t\t\t\t\t<\/span>\n\t\t<\/div>\n\t\t\t\t\t\t<\/div>\n\t\t\t\t<\/div>\n\t\t\t\t<div class=\"elementor-element elementor-element-96458ae elementor-hidden-desktop elementor-widget-divider--view-line elementor-widget elementor-widget-divider\" data-id=\"96458ae\" data-element_type=\"widget\" data-e-type=\"widget\" data-widget_type=\"divider.default\">\n\t\t\t\t<div class=\"elementor-widget-container\">\n\t\t\t\t\t\t\t<div class=\"elementor-divider\">\n\t\t\t<span class=\"elementor-divider-separator\">\n\t\t\t\t\t\t<\/span>\n\t\t<\/div>\n\t\t\t\t\t\t<\/div>\n\t\t\t\t<\/div>\n\t\t\t\t<div class=\"elementor-element elementor-element-edc1f94 elementor-widget__width-initial elementor-hidden-tablet elementor-hidden-mobile elementor-widget elementor-widget-text-editor\" data-id=\"edc1f94\" data-element_type=\"widget\" data-e-type=\"widget\" data-widget_type=\"text-editor.default\">\n\t\t\t\t<div class=\"elementor-widget-container\">\n\t\t\t\t\t\t\t\t\t<div class=\"fw-text-box tf-sh-7d36c70becc5f0aca7ab68a588502de9 fw-animated-element animated fadeInUp fill-mode-none\" data-animation-type=\"fadeInUp\" data-animation-delay=\"300\"><div class=\"fw-text-inner\"><div id=\"column-6303a881b928b\" class=\"fw-col-sm-12 fw-col-md-6 tf-sh-d8fbef28f77d0b6ce0202eba7c6f06c5 fw-col-no-padding\"><div class=\"fw-wrap-col-inner clearfix \"><div class=\"fw-col-inner\"><div class=\"fw-text-box tf-sh-7d36c70becc5f0aca7ab68a588502de9 fw-animated-element animated fadeInUp fill-mode-none\" data-animation-type=\"fadeInUp\" data-animation-delay=\"300\"><div class=\"fw-text-inner\"><div id=\"column-6303b077e0f44\" class=\"fw-col-sm-12 fw-col-md-6 tf-sh-d8fbef28f77d0b6ce0202eba7c6f06c5 fw-col-no-padding\"><div class=\"fw-wrap-col-inner clearfix \"><div class=\"fw-col-inner\"><div class=\"fw-text-box tf-sh-7d36c70becc5f0aca7ab68a588502de9 fw-animated-element animated fadeInUp fill-mode-none\" data-animation-type=\"fadeInUp\" data-animation-delay=\"300\"><div class=\"fw-text-inner\"><div id=\"column-6305271287694\" class=\"fw-col-sm-12 fw-col-md-6 tf-sh-d8fbef28f77d0b6ce0202eba7c6f06c5 fw-col-no-padding\"><div class=\"fw-wrap-col-inner clearfix \"><div class=\"fw-col-inner\"><div class=\"fw-text-box tf-sh-7d36c70becc5f0aca7ab68a588502de9 fw-animated-element animated fadeInUp fill-mode-none\" data-animation-type=\"fadeInUp\" data-animation-delay=\"300\"><div class=\"fw-text-inner\"><p>SOUNCH S.R.L. ofrece servicios de vigilancia convencional con puestos fijos o m\u00f3viles, los que comprenden:<\/p><ul><li>Vigilancia interior y perim\u00e9trica<\/li><li>Control de acceso peatonal<\/li><li>Control de acceso vehicular<\/li><li>Patrullaje de inspecci\u00f3n<\/li><li>Control de tr\u00e1fico<\/li><li>Seguridad urbana, industrial, comercial y bancaria<\/li><\/ul><p>Los clientes destacados que requieren de este servicio de vigilancia son:<\/p><\/div><\/div><\/div><\/div><\/div><div id=\"column-6305271287cc8\" class=\"fw-col-sm-12 fw-col-md-6 tf-sh-0284f9723ea3016265b0dc6aaf641c2d\"><div class=\"fw-wrap-col-inner clearfix \"><div class=\"fw-col-inner\"><div class=\"fw-text-box tf-sh-4704999a1a289a500fd57aee733c1d32 fw-animated-element animated fadeInUp fill-mode-none\" data-animation-type=\"fadeInUp\" data-animation-delay=\"500\"><div class=\"fw-text-inner\"><ul><li>Domicilio particulares, consorcios y countries<\/li><li>Zonas residenciales<\/li><li>Instituciones de salud<\/li><li>Terminales portuarias<\/li><li>Eventos multitudinarios: Fiestas, espect\u00e1culos deportivos, espect\u00e1culos culturales, manifestaciones y convenciones, entre otros.<\/li><\/ul><\/div><\/div><\/div><\/div><\/div><\/div><\/div><\/div><\/div><\/div><\/div><\/div><\/div><\/div><\/div><\/div><\/div>\t\t\t\t\t\t\t\t<\/div>\n\t\t\t\t<\/div>\n\t\t\t\t<div class=\"elementor-element elementor-element-e25aa73 elementor-widget__width-initial elementor-hidden-desktop elementor-widget elementor-widget-text-editor\" data-id=\"e25aa73\" data-element_type=\"widget\" data-e-type=\"widget\" data-widget_type=\"text-editor.default\">\n\t\t\t\t<div class=\"elementor-widget-container\">\n\t\t\t\t\t\t\t\t\t<div class=\"fw-text-box tf-sh-7d36c70becc5f0aca7ab68a588502de9 fw-animated-element animated fadeInUp fill-mode-none\" data-animation-type=\"fadeInUp\" data-animation-delay=\"300\"><div class=\"fw-text-inner\"><div id=\"column-6303a881b928b\" class=\"fw-col-sm-12 fw-col-md-6 tf-sh-d8fbef28f77d0b6ce0202eba7c6f06c5 fw-col-no-padding\"><div class=\"fw-wrap-col-inner clearfix \"><div class=\"fw-col-inner\"><div class=\"fw-text-box tf-sh-7d36c70becc5f0aca7ab68a588502de9 fw-animated-element animated fadeInUp fill-mode-none\" data-animation-type=\"fadeInUp\" data-animation-delay=\"300\"><div class=\"fw-text-inner\"><div id=\"column-6303b077e0f44\" class=\"fw-col-sm-12 fw-col-md-6 tf-sh-d8fbef28f77d0b6ce0202eba7c6f06c5 fw-col-no-padding\"><div class=\"fw-wrap-col-inner clearfix \"><div class=\"fw-col-inner\"><div class=\"fw-text-box tf-sh-7d36c70becc5f0aca7ab68a588502de9 fw-animated-element animated fadeInUp fill-mode-none\" data-animation-type=\"fadeInUp\" data-animation-delay=\"300\"><div class=\"fw-text-inner\"><div id=\"column-6305271287694\" class=\"fw-col-sm-12 fw-col-md-6 tf-sh-d8fbef28f77d0b6ce0202eba7c6f06c5 fw-col-no-padding\"><div class=\"fw-wrap-col-inner clearfix \"><div class=\"fw-col-inner\"><div class=\"fw-text-box tf-sh-7d36c70becc5f0aca7ab68a588502de9 fw-animated-element animated fadeInUp fill-mode-none\" data-animation-type=\"fadeInUp\" data-animation-delay=\"300\"><div class=\"fw-text-inner\"><p style=\"text-align: center;\">SOUNCH S.R.L. ofrece servicios de vigilancia convencional con puestos fijos o m\u00f3viles, los que comprenden:<\/p><ul style=\"text-align: center;\"><li style=\"text-align: left;\">Vigilancia interior y perim\u00e9trica<\/li><li style=\"text-align: left;\">Control de acceso peatonal<\/li><li style=\"text-align: left;\">Control de acceso vehicular<\/li><li style=\"text-align: left;\">Patrullaje de inspecci\u00f3n<\/li><li style=\"text-align: left;\">Control de tr\u00e1fico<\/li><li style=\"text-align: left;\">Seguridad urbana, industrial, comercial y bancaria<\/li><\/ul><p style=\"text-align: left;\">Los clientes destacados que requieren de este servicio de vigilancia son:<\/p><\/div><\/div><\/div><\/div><\/div><div id=\"column-6305271287cc8\" class=\"fw-col-sm-12 fw-col-md-6 tf-sh-0284f9723ea3016265b0dc6aaf641c2d\"><div class=\"fw-wrap-col-inner clearfix \"><div class=\"fw-col-inner\"><div class=\"fw-text-box tf-sh-4704999a1a289a500fd57aee733c1d32 fw-animated-element animated fadeInUp fill-mode-none\" data-animation-type=\"fadeInUp\" data-animation-delay=\"500\"><div class=\"fw-text-inner\"><ul><li style=\"text-align: left;\">Domicilio particulares, consorcios y countries<\/li><li style=\"text-align: left;\">Zonas residenciales<\/li><li style=\"text-align: left;\">Instituciones de salud<\/li><li style=\"text-align: left;\">Terminales portuarias<\/li><li style=\"text-align: left;\">Eventos multitudinarios: Fiestas, espect\u00e1culos deportivos, espect\u00e1culos culturales, manifestaciones y convenciones, entre otros.<\/li><\/ul><\/div><\/div><\/div><\/div><\/div><\/div><\/div><\/div><\/div><\/div><\/div><\/div><\/div><\/div><\/div><\/div><\/div>\t\t\t\t\t\t\t\t<\/div>\n\t\t\t\t<\/div>\n\t\t\t\t<div class=\"elementor-element elementor-element-dc52dfa elementor-widget elementor-widget-spacer\" data-id=\"dc52dfa\" data-element_type=\"widget\" data-e-type=\"widget\" data-widget_type=\"spacer.default\">\n\t\t\t\t<div class=\"elementor-widget-container\">\n\t\t\t\t\t\t\t<div class=\"elementor-spacer\">\n\t\t\t<div class=\"elementor-spacer-inner\"><\/div>\n\t\t<\/div>\n\t\t\t\t\t\t<\/div>\n\t\t\t\t<\/div>\n\t\t\t\t\t<\/div>\n\t\t<\/div>\n\t\t\t\t<div class=\"elementor-column elementor-col-50 elementor-top-column elementor-element elementor-element-5177fad\" data-id=\"5177fad\" data-element_type=\"column\" data-e-type=\"column\">\n\t\t\t<div class=\"elementor-widget-wrap elementor-element-populated\">\n\t\t\t\t\t\t<div class=\"elementor-element elementor-element-8315381 elementor-widget elementor-widget-spacer\" data-id=\"8315381\" data-element_type=\"widget\" data-e-type=\"widget\" data-widget_type=\"spacer.default\">\n\t\t\t\t<div class=\"elementor-widget-container\">\n\t\t\t\t\t\t\t<div class=\"elementor-spacer\">\n\t\t\t<div class=\"elementor-spacer-inner\"><\/div>\n\t\t<\/div>\n\t\t\t\t\t\t<\/div>\n\t\t\t\t<\/div>\n\t\t\t\t<div class=\"elementor-element elementor-element-96cd7e8 elementor-hidden-tablet elementor-hidden-mobile elementor-widget elementor-widget-spacer\" data-id=\"96cd7e8\" data-element_type=\"widget\" data-e-type=\"widget\" data-widget_type=\"spacer.default\">\n\t\t\t\t<div class=\"elementor-widget-container\">\n\t\t\t\t\t\t\t<div class=\"elementor-spacer\">\n\t\t\t<div class=\"elementor-spacer-inner\"><\/div>\n\t\t<\/div>\n\t\t\t\t\t\t<\/div>\n\t\t\t\t<\/div>\n\t\t\t\t<div class=\"elementor-element elementor-element-1a8d3a1 elementor-widget elementor-widget-image\" data-id=\"1a8d3a1\" data-element_type=\"widget\" data-e-type=\"widget\" data-widget_type=\"image.default\">\n\t\t\t\t<div class=\"elementor-widget-container\">\n\t\t\t\t\t\t\t\t\t\t\t\t\t\t\t<img fetchpriority=\"high\" decoding=\"async\" width=\"1024\" height=\"683\" src=\"https:\/\/sounchpy.com\/wp-content\/uploads\/2022\/08\/front-view-professional-guard-1024x683.jpg\" class=\"attachment-large size-large wp-image-2518\" alt=\"\" srcset=\"https:\/\/sounchpy.com\/wp-content\/uploads\/2022\/08\/front-view-professional-guard-1024x683.jpg 1024w, https:\/\/sounchpy.com\/wp-content\/uploads\/2022\/08\/front-view-professional-guard-300x200.jpg 300w, https:\/\/sounchpy.com\/wp-content\/uploads\/2022\/08\/front-view-professional-guard-768x513.jpg 768w, https:\/\/sounchpy.com\/wp-content\/uploads\/2022\/08\/front-view-professional-guard-1536x1025.jpg 1536w, https:\/\/sounchpy.com\/wp-content\/uploads\/2022\/08\/front-view-professional-guard-2048x1367.jpg 2048w\" sizes=\"(max-width: 1024px) 100vw, 1024px\" \/>\t\t\t\t\t\t\t\t\t\t\t\t\t\t\t<\/div>\n\t\t\t\t<\/div>\n\t\t\t\t<div class=\"elementor-element elementor-element-d3c32ab elementor-widget elementor-widget-spacer\" data-id=\"d3c32ab\" data-element_type=\"widget\" data-e-type=\"widget\" data-widget_type=\"spacer.default\">\n\t\t\t\t<div class=\"elementor-widget-container\">\n\t\t\t\t\t\t\t<div class=\"elementor-spacer\">\n\t\t\t<div class=\"elementor-spacer-inner\"><\/div>\n\t\t<\/div>\n\t\t\t\t\t\t<\/div>\n\t\t\t\t<\/div>\n\t\t\t\t\t<\/div>\n\t\t<\/div>\n\t\t\t\t\t<\/div>\n\t\t<\/section>\n\t\t\t\t<\/div>\n\t\t","protected":false},"excerpt":{"rendered":"<p>Vigilancia f\u00edsica Vigilancia f\u00edsica Eleg\u00ed proteger tu hogar o negocio con\u00a0expertos en seguridad privada. Eleg\u00ed proteger tu hogar o negocio con expertos en seguridad privada. Solicit\u00e1 cotizaci\u00f3n HOY Please enable JavaScript in your browser to complete this form. Enviar Detalle del servicio Detalle del servicio SOUNCH S.R.L. ofrece servicios de vigilancia convencional con puestos fijos [&hellip;]<\/p>\n","protected":false},"author":1,"featured_media":0,"parent":0,"menu_order":0,"comment_status":"closed","ping_status":"closed","template":"","meta":{"om_disable_all_campaigns":false,"_monsterinsights_skip_tracking":false,"_monsterinsights_sitenote_active":false,"_monsterinsights_sitenote_note":"","_monsterinsights_sitenote_category":0,"site-sidebar-layout":"no-sidebar","site-content-layout":"page-builder","ast-site-content-layout":"default","site-content-style":"default","site-sidebar-style":"default","ast-global-header-display":"","ast-banner-title-visibility":"","ast-main-header-display":"","ast-hfb-above-header-display":"","ast-hfb-below-header-display":"","ast-hfb-mobile-header-display":"","site-post-title":"disabled","ast-breadcrumbs-content":"","ast-featured-img":"disabled","footer-sml-layout":"","ast-disable-related-posts":"","theme-transparent-header-meta":"","adv-header-id-meta":"","stick-header-meta":"","header-above-stick-meta":"","header-main-stick-meta":"","header-below-stick-meta":"","astra-migrate-meta-layouts":"default","ast-page-background-enabled":"default","ast-page-background-meta":{"desktop":{"background-color":"","background-image":"","background-repeat":"repeat","background-position":"center center","background-size":"auto","background-attachment":"scroll","background-type":"","background-media":"","overlay-type":"","overlay-color":"","overlay-opacity":"","overlay-gradient":""},"tablet":{"background-color":"","background-image":"","background-repeat":"repeat","background-position":"center center","background-size":"auto","background-attachment":"scroll","background-type":"","background-media":"","overlay-type":"","overlay-color":"","overlay-opacity":"","overlay-gradient":""},"mobile":{"background-color":"","background-image":"","background-repeat":"repeat","background-position":"center center","background-size":"auto","background-attachment":"scroll","background-type":"","background-media":"","overlay-type":"","overlay-color":"","overlay-opacity":"","overlay-gradient":""}},"ast-content-background-meta":{"desktop":{"background-color":"var(--ast-global-color-5)","background-image":"","background-repeat":"repeat","background-position":"center center","background-size":"auto","background-attachment":"scroll","background-type":"","background-media":"","overlay-type":"","overlay-color":"","overlay-opacity":"","overlay-gradient":""},"tablet":{"background-color":"var(--ast-global-color-5)","background-image":"","background-repeat":"repeat","background-position":"center center","background-size":"auto","background-attachment":"scroll","background-type":"","background-media":"","overlay-type":"","overlay-color":"","overlay-opacity":"","overlay-gradient":""},"mobile":{"background-color":"var(--ast-global-color-5)","background-image":"","background-repeat":"repeat","background-position":"center center","background-size":"auto","background-attachment":"scroll","background-type":"","background-media":"","overlay-type":"","overlay-color":"","overlay-opacity":"","overlay-gradient":""}},"_joinchat":[],"footnotes":""},"class_list":["post-2663","page","type-page","status-publish","hentry"],"aioseo_notices":[],"_links":{"self":[{"href":"https:\/\/sounchpy.com\/index.php\/wp-json\/wp\/v2\/pages\/2663","targetHints":{"allow":["GET"]}}],"collection":[{"href":"https:\/\/sounchpy.com\/index.php\/wp-json\/wp\/v2\/pages"}],"about":[{"href":"https:\/\/sounchpy.com\/index.php\/wp-json\/wp\/v2\/types\/page"}],"author":[{"embeddable":true,"href":"https:\/\/sounchpy.com\/index.php\/wp-json\/wp\/v2\/users\/1"}],"replies":[{"embeddable":true,"href":"https:\/\/sounchpy.com\/index.php\/wp-json\/wp\/v2\/comments?post=2663"}],"version-history":[{"count":73,"href":"https:\/\/sounchpy.com\/index.php\/wp-json\/wp\/v2\/pages\/2663\/revisions"}],"predecessor-version":[{"id":3446,"href":"https:\/\/sounchpy.com\/index.php\/wp-json\/wp\/v2\/pages\/2663\/revisions\/3446"}],"wp:attachment":[{"href":"https:\/\/sounchpy.com\/index.php\/wp-json\/wp\/v2\/media?parent=2663"}],"curies":[{"name":"wp","href":"https:\/\/api.w.org\/{rel}","templated":true}]}}